{"id":187,"date":"2023-10-25T19:50:34","date_gmt":"2023-10-25T17:50:34","guid":{"rendered":"https:\/\/cksolutions.fr\/?page_id=187"},"modified":"2026-01-28T01:26:19","modified_gmt":"2026-01-28T00:26:19","slug":"ck-solutions-courtage-patrimoine","status":"publish","type":"page","link":"https:\/\/cksolutions.fr\/","title":{"rendered":""},"content":{"rendered":"\n<div class=\"wp-block-cover\" style=\"min-height:296px;aspect-ratio:unset;\"><img loading=\"lazy\" decoding=\"async\" width=\"1024\" height=\"288\" class=\"wp-block-cover__image-background wp-image-316\" alt=\"\" src=\"https:\/\/cksolutions.fr\/wp-content\/uploads\/2023\/11\/Image-accueil-2-1024x288.jpg\" data-object-fit=\"cover\" srcset=\"https:\/\/cksolutions.fr\/wp-content\/uploads\/2023\/11\/Image-accueil-2-1024x288.jpg 1024w, https:\/\/cksolutions.fr\/wp-content\/uploads\/2023\/11\/Image-accueil-2-300x84.jpg 300w, https:\/\/cksolutions.fr\/wp-content\/uploads\/2023\/11\/Image-accueil-2-768x216.jpg 768w, https:\/\/cksolutions.fr\/wp-content\/uploads\/2023\/11\/Image-accueil-2-1536x432.jpg 1536w, https:\/\/cksolutions.fr\/wp-content\/uploads\/2023\/11\/Image-accueil-2-496x140.jpg 496w, https:\/\/cksolutions.fr\/wp-content\/uploads\/2023\/11\/Image-accueil-2.jpg 1600w\" sizes=\"auto, (max-width: 1024px) 100vw, 1024px\" \/><span aria-hidden=\"true\" class=\"wp-block-cover__background has-background-dim\"><\/span><div class=\"wp-block-cover__inner-container is-layout-flow wp-block-cover-is-layout-flow\">\n<p class=\"has-text-align-center has-large-font-size\"><strong style=\"font-size:19px;\"><em>Ck Solutions<\/em> est un cabinet de courtage pluridisciplinaire \u0153uvrant en toute ind\u00e9pendance pour accompagner et s\u00e9curiser vos transactions immobili\u00e8res en associant l&rsquo;expertise immobili\u00e8re aux meilleurs outils technologiques. Nous cultivons aupr\u00e8s de nos clients, le sens d&rsquo;un engagement fort au service de l&rsquo;efficacit\u00e9. L&rsquo;objectif est clair, vous offrir un parcours sur-mesure fluide et profitable.<\/strong><\/p>\n<\/div><\/div>\n\n\n\n<h2 class=\"wp-block-heading\"><\/h2>\n\n\n\n<p class=\"has-text-align-center\"><strong>Nous offrons \u00e0 nos clients vendeurs et acqu\u00e9reurs une plateforme de services personnalis\u00e9s \u00e0 forte valeur ajout\u00e9e afin de s\u00e9curiser vos transactions de tous types. La confiance est au c\u0153ur de notre engagement pour donner vie \u00e0 votre projet immobilier.<\/strong><\/p>\n\n\n\n<hr class=\"wp-block-separator has-alpha-channel-opacity is-style-dots\"\/>\n\n\n<div class=\"wp-block-image\">\n<figure class=\"aligncenter size-large is-resized\"><img loading=\"lazy\" decoding=\"async\" width=\"1024\" height=\"458\" src=\"https:\/\/cksolutions.fr\/wp-content\/uploads\/2023\/11\/tableau-1-1-1024x458.png\" alt=\"\" class=\"wp-image-298\" style=\"aspect-ratio:2.2358078602620086;width:648px;height:auto\" srcset=\"https:\/\/cksolutions.fr\/wp-content\/uploads\/2023\/11\/tableau-1-1-1024x458.png 1024w, https:\/\/cksolutions.fr\/wp-content\/uploads\/2023\/11\/tableau-1-1-300x134.png 300w, https:\/\/cksolutions.fr\/wp-content\/uploads\/2023\/11\/tableau-1-1-768x343.png 768w, https:\/\/cksolutions.fr\/wp-content\/uploads\/2023\/11\/tableau-1-1-496x222.png 496w, https:\/\/cksolutions.fr\/wp-content\/uploads\/2023\/11\/tableau-1-1.png 1078w\" sizes=\"auto, (max-width: 1024px) 100vw, 1024px\" \/><\/figure>\n<\/div>\n\n<div class=\"wp-block-image\">\n<figure class=\"aligncenter size-large is-resized\"><img loading=\"lazy\" decoding=\"async\" width=\"1024\" height=\"396\" src=\"https:\/\/cksolutions.fr\/wp-content\/uploads\/2023\/11\/tableau-2-1024x396.png\" alt=\"\" class=\"wp-image-301\" style=\"aspect-ratio:2.585858585858586;width:646px;height:auto\" srcset=\"https:\/\/cksolutions.fr\/wp-content\/uploads\/2023\/11\/tableau-2-1024x396.png 1024w, https:\/\/cksolutions.fr\/wp-content\/uploads\/2023\/11\/tableau-2-300x116.png 300w, https:\/\/cksolutions.fr\/wp-content\/uploads\/2023\/11\/tableau-2-768x297.png 768w, https:\/\/cksolutions.fr\/wp-content\/uploads\/2023\/11\/tableau-2-496x192.png 496w, https:\/\/cksolutions.fr\/wp-content\/uploads\/2023\/11\/tableau-2.png 1078w\" sizes=\"auto, (max-width: 1024px) 100vw, 1024px\" \/><\/figure>\n<\/div>\n\n\n<hr class=\"wp-block-separator has-alpha-channel-opacity is-style-dots\"\/>\n\n\n\n<div class=\"wp-block-media-text has-media-on-the-right is-stacked-on-mobile\" style=\"grid-template-columns:auto 48%\"><div class=\"wp-block-media-text__content\">\n<p class=\"has-headings-color has-text-color has-link-color wp-elements-30298374ac42a9828ebfeb19b5b35647\"><strong><em><a href=\"https:\/\/cksolutions.fr\/?page_id=136\" data-type=\"page\" data-id=\"136\" target=\"_blank\" rel=\"noreferrer noopener\">PORTAGE IMMOBILIER<\/a><\/em><\/strong><\/p>\n\n\n\n<div class=\"wp-block-group\"><div class=\"wp-block-group__inner-container is-layout-constrained wp-block-group-is-layout-constrained\">\n<details class=\"wp-block-details has-headings-color has-text-color has-link-color wp-elements-1558a12462d0dca0208d2f2c156416b4 is-layout-flow wp-block-details-is-layout-flow\" open><summary><strong><em>PROPRI\u00c9TAIRE D&rsquo;UNE R\u00c9SIDENCE PRINCIPALE OU SECONDAIRE, LOU\u00c9 OU VIDE ?<\/em><\/strong><\/summary>\n<figure class=\"wp-block-table\"><table><tbody><tr><td>Financez vos projets gr\u00e2ce \u00e0 votre bien immobilier, sans cr\u00e9dit bancaire. Avec la solution du portage immobilier, vous nous indiquez tout simplement le montant du besoin financier et la dur\u00e9e souhait\u00e9e afin d&rsquo;obtenir en toute confidentialit\u00e9, une simulation et un chiffrage ajust\u00e9.<\/td><\/tr><\/tbody><\/table><\/figure>\n\n\n\n<div class=\"wp-block-buttons is-layout-flex wp-block-buttons-is-layout-flex\">\n<div class=\"wp-block-button has-custom-width wp-block-button__width-50 is-style-outline is-style-outline--1\" id=\"<p-class=&quot;has-text-align-center-has-headings-color-has-text-color-has-link-color-has-large-font-size&quot;&gt;<strong&gt;PORTAGE-IMMOBILIER<\/strong&gt;<\/p&gt;\"><a class=\"wp-block-button__link has-accent-2-color has-sitebg-background-color has-text-color has-background has-link-color has-small-font-size has-custom-font-size wp-element-button\" href=\"https:\/\/cksolutions.fr\/?page_id=136\" target=\"_blank\" rel=\"noreferrer noopener\"><em><strong><mark style=\"background-color:rgba(0, 0, 0, 0)\" class=\"has-inline-color has-headings-color\">EN SAVOIR PLUS<\/mark><\/strong><\/em><\/a><\/div>\n<\/div>\n<\/details>\n<\/div><\/div>\n<\/div><figure class=\"wp-block-media-text__media\"><img loading=\"lazy\" decoding=\"async\" width=\"1024\" height=\"573\" src=\"https:\/\/cksolutions.fr\/wp-content\/uploads\/2025\/08\/Portage-1024x573.png\" alt=\"\" class=\"wp-image-522 size-full\" srcset=\"https:\/\/cksolutions.fr\/wp-content\/uploads\/2025\/08\/Portage-1024x573.png 1024w, https:\/\/cksolutions.fr\/wp-content\/uploads\/2025\/08\/Portage-300x168.png 300w, https:\/\/cksolutions.fr\/wp-content\/uploads\/2025\/08\/Portage-768x430.png 768w, https:\/\/cksolutions.fr\/wp-content\/uploads\/2025\/08\/Portage-496x277.png 496w, https:\/\/cksolutions.fr\/wp-content\/uploads\/2025\/08\/Portage.png 1203w\" sizes=\"auto, (max-width: 1024px) 100vw, 1024px\" \/><\/figure><\/div>\n\n\n\n<hr class=\"wp-block-separator has-alpha-channel-opacity is-style-dots\"\/>\n\n\n\n<p><\/p>\n\n\n\n<div class=\"wp-block-media-text is-stacked-on-mobile is-image-fill-element\"><figure class=\"wp-block-media-text__media\"><img loading=\"lazy\" decoding=\"async\" width=\"300\" height=\"168\" src=\"https:\/\/cksolutions.fr\/wp-content\/uploads\/2025\/08\/images-8.jpg\" alt=\"\" class=\"wp-image-518 size-full\" style=\"object-position:50% 50%\"\/><\/figure><div class=\"wp-block-media-text__content\">\n<p class=\"has-headings-color has-text-color has-link-color has-normal-font-size wp-elements-535fc47651a13f195a62fea053e70f91\"><a href=\"https:\/\/cksolutions.fr\/?page_id=138\" data-type=\"page\" data-id=\"138\"><em><strong>VOUS \u00cbTES UNIQUE, NOS SOLUTIONS SONT MULTIPLES<\/strong><\/em>&#8230;<\/a><\/p>\n\n\n\n<div class=\"wp-block-buttons has-custom-font-size has-small-font-size is-layout-flex wp-block-buttons-is-layout-flex\">\n<div class=\"wp-block-button has-custom-width wp-block-button__width-50 is-style-outline is-style-outline--2\"><a class=\"wp-block-button__link has-accent-2-color has-sitebg-background-color has-text-color has-background has-link-color has-normal-font-size has-custom-font-size wp-element-button\" href=\"https:\/\/cksolutions.fr\/?page_id=138\"><strong><em><mark style=\"background-color:rgba(0, 0, 0, 0)\" class=\"has-inline-color has-headings-color\">C&rsquo;est par ici !<\/mark><\/em><\/strong><\/a><\/div>\n<\/div>\n<\/div><\/div>\n\n\n\n<hr class=\"wp-block-separator has-alpha-channel-opacity is-style-dots\"\/>\n\n\n<div class=\"wp-block-image is-style-default\">\n<figure class=\"aligncenter size-large is-resized\"><img loading=\"lazy\" decoding=\"async\" width=\"1024\" height=\"1024\" src=\"https:\/\/cksolutions.fr\/wp-content\/uploads\/2025\/08\/Sans-titre-1-1-1024x1024.jpg\" alt=\"\" class=\"wp-image-530\" style=\"width:186px;height:auto\" srcset=\"https:\/\/cksolutions.fr\/wp-content\/uploads\/2025\/08\/Sans-titre-1-1-1024x1024.jpg 1024w, https:\/\/cksolutions.fr\/wp-content\/uploads\/2025\/08\/Sans-titre-1-1-300x300.jpg 300w, https:\/\/cksolutions.fr\/wp-content\/uploads\/2025\/08\/Sans-titre-1-1-150x150.jpg 150w, https:\/\/cksolutions.fr\/wp-content\/uploads\/2025\/08\/Sans-titre-1-1-768x768.jpg 768w, https:\/\/cksolutions.fr\/wp-content\/uploads\/2025\/08\/Sans-titre-1-1-1536x1536.jpg 1536w, https:\/\/cksolutions.fr\/wp-content\/uploads\/2025\/08\/Sans-titre-1-1-2048x2048.jpg 2048w\" sizes=\"auto, (max-width: 1024px) 100vw, 1024px\" \/><\/figure>\n<\/div>\n\n\n<p class=\"has-text-align-center\"><\/p>\n","protected":false},"excerpt":{"rendered":"<p>Nous offrons \u00e0 nos clients vendeurs et acqu\u00e9reurs une plateforme de services personnalis\u00e9s \u00e0 forte valeur ajout\u00e9e afin de s\u00e9curiser vos transactions de tous types. &hellip;<\/p>\n","protected":false},"author":1,"featured_media":0,"parent":0,"menu_order":0,"comment_status":"closed","ping_status":"closed","template":"","meta":{"footnotes":""},"class_list":["post-187","page","type-page","status-publish","hentry"],"_links":{"self":[{"href":"https:\/\/cksolutions.fr\/index.php?rest_route=\/wp\/v2\/pages\/187","targetHints":{"allow":["GET"]}}],"collection":[{"href":"https:\/\/cksolutions.fr\/index.php?rest_route=\/wp\/v2\/pages"}],"about":[{"href":"https:\/\/cksolutions.fr\/index.php?rest_route=\/wp\/v2\/types\/page"}],"author":[{"embeddable":true,"href":"https:\/\/cksolutions.fr\/index.php?rest_route=\/wp\/v2\/users\/1"}],"replies":[{"embeddable":true,"href":"https:\/\/cksolutions.fr\/index.php?rest_route=%2Fwp%2Fv2%2Fcomments&post=187"}],"version-history":[{"count":56,"href":"https:\/\/cksolutions.fr\/index.php?rest_route=\/wp\/v2\/pages\/187\/revisions"}],"predecessor-version":[{"id":641,"href":"https:\/\/cksolutions.fr\/index.php?rest_route=\/wp\/v2\/pages\/187\/revisions\/641"}],"wp:attachment":[{"href":"https:\/\/cksolutions.fr\/index.php?rest_route=%2Fwp%2Fv2%2Fmedia&parent=187"}],"curies":[{"name":"wp","href":"https:\/\/api.w.org\/{rel}","templated":true}]}}